{"id":13418,"date":"2026-04-15T12:51:24","date_gmt":"2026-04-15T10:51:24","guid":{"rendered":"https:\/\/cloud.logicode.it\/?page_id=13418"},"modified":"2026-04-16T12:31:48","modified_gmt":"2026-04-16T10:31:48","slug":"ai-automation","status":"publish","type":"page","link":"https:\/\/cloud.logicode.it\/?page_id=13418","title":{"rendered":"AI Automation"},"content":{"rendered":"\t\t<div data-elementor-type=\"wp-page\" data-elementor-id=\"13418\" class=\"elementor elementor-13418\" data-elementor-post-type=\"page\">\n\t\t\t\t<div class=\"elementor-element elementor-element-de7883f e-flex e-con-boxed e-con e-parent\" data-id=\"de7883f\" data-element_type=\"container\" data-e-type=\"container\">\n\t\t\t\t\t<div class=\"e-con-inner\">\n\t\t<div class=\"elementor-element elementor-element-f36d821 e-con-full e-flex e-con e-child\" data-id=\"f36d821\" data-element_type=\"container\" data-e-type=\"container\">\n\t\t\t\t\t\t\t\n\t\t<img class=\"e-image-base \" \n\t\t\t\t\tdata-interaction-id=\"4f4a7cb\" \n\t\t \n\t\t data-e-type=\"widget\" data-id=\"4f4a7cb\"\n\t\t\t\t\t\t\t\t\tid=\"13568\"\n\t\t\t\t\t\t\t\t\t\t\t\tsrc=\"https:\/\/cloud.logicode.it\/wp-content\/uploads\/2026\/04\/IA.png\"\n\t\t\t\t\t\t\t\t\t\t\t\twidth=\"1380\"\n\t\t\t\t\t\t\t\t\t\t\t\theight=\"752\"\n\t\t\t\t\t\t\t\t\t\t\t\tsrcset=\"\"\n\t\t\t\t\t\t\t\t\t\t\t\talt=\"\"\n\t\t\t\t\t\t\/>\n\t\t\t\t\t<\/div>\n\t\t<div class=\"elementor-element elementor-element-e36822a e-con-full e-flex e-con e-child\" data-id=\"e36822a\" data-element_type=\"container\" data-e-type=\"container\">\n\t\t\t\t\t\t\t\t<span class=\"e-paragraph-base\" data-interaction-id=\"1d5bbe8\"  data-e-type=\"widget\" data-id=\"1d5bbe8\" >\n\t\t\t\t\t\t\t\t<strong id=\"e-mo1at3g4-29f2xx0\">Vantaggi per la tua Azienda<\/strong><br><br>Riduzione dei tempi di risposta e automazione delle attivit\u00e0 ripetitive.<br>Accesso immediato alla conoscenza aziendale tramite conversazioni naturali.<br>Scalabilit\u00e0 su pi\u00f9 canali senza aumentare i costi operativi.<br>Miglioramento dell\u2019esperienza cliente e dell\u2019efficienza interna.\n\t\t\t\t\t<\/span>\n\t\t\t\t<\/div>\n\t\t<div class=\"elementor-element elementor-element-70c7a10 e-con-full e-flex e-con e-child\" data-id=\"70c7a10\" data-element_type=\"container\" data-e-type=\"container\">\n\t\t\t\t\t\t\t\t<span class=\"e-paragraph-base\" data-interaction-id=\"48bcd47\"  data-e-type=\"widget\" data-id=\"48bcd47\">\n\t\t\t\t\t\t\t\t<strong id=\"e-mo1b1iix-a3gr2ls\">Soluzioni di Automazione AI Personalizzabili per WhatsApp, Telegram, Instagram e Applicazioni Custom<\/strong><br><br>Le nostre soluzioni di automazione potenziate dall\u2019Intelligenza Artificiale sono progettate per integrare in modo nativo i principali canali di messaggistica \u2014 <strong id=\"e-mo1b1iix-8wnqcn2\">WhatsApp, Telegram, Instagram<\/strong> \u2014 oltre a <strong id=\"e-mo1b1iix-4kwi0gd\">applicazioni custom<\/strong> sviluppate su misura. Offriamo un ecosistema completo per trasformare le interazioni digitali in processi intelligenti, scalabili e perfettamente allineati alle esigenze aziendali.<br><br><strong id=\"e-mo1b1iix-3iw2l33\">Funzionalit\u00e0 Avanzate<\/strong><br><strong id=\"e-mo1b1iix-3es890w\">Automazioni Conversazionali Multicanale<\/strong><br>Chatbot intelligenti integrabili su WhatsApp, Telegram, Instagram Direct e sistemi proprietari.<br>Flussi conversazionali personalizzabili, con gestione automatica di richieste, prenotazioni, assistenza clienti e processi interni.<br><br><strong id=\"e-mo1b1iix-62j2f6f\">Integrazione RAG (Retrieval-Augmented Generation)<\/strong><br>Motore di ricerca documentale avanzato basato su IA generativa.<br>Risposte accurate e contestuali grazie al recupero in tempo reale di informazioni dalla documentazione aziendale.<br><br><strong id=\"e-mo1b1iix-fq0aplq\">Supporto MCP e Strumenti Agentici<\/strong><br>Integrazione con <strong id=\"e-mo1b1iix-6rha696\">Model Context Protocol (MCP)<\/strong> per orchestrare strumenti, API e servizi esterni.<br>Agenti AI capaci di eseguire task complessi, interrogare database, generare report, automatizzare workflow e prendere decisioni basate sui dati.<br><br><strong id=\"e-mo1b1iix-06re8lt\">Addestramento Vettoriale e Gestione della Base Dati<\/strong><br>Creazione e manutenzione di <strong id=\"e-mo1b1iix-o7eepz1\">database vettoriali<\/strong> per l\u2019indicizzazione semantica dei contenuti aziendali.<br>Pipeline di embedding ottimizzate per garantire performance elevate anche su grandi volumi di dati.<br><br><strong id=\"e-mo1b1iix-vbcyjp2\">Progettazione Prompt e Ottimizzazione Chatbot<\/strong><br>Sviluppo di <strong id=\"e-mo1b1iix-dj0aj8i\">prompt ingegnerizzati<\/strong> per massimizzare la qualit\u00e0 delle risposte.<br>Personalizzazione del tono, del comportamento e delle capacit\u00e0 del chatbot in base al brand e agli obiettivi operativi.\n\t\t\t\t\t<\/span>\n\t\t\t\t<\/div>\n\t\t\t\t\t<\/div>\n\t\t\t\t<\/div>\n\t\t\t\t<\/div>\n\t\t","protected":false},"excerpt":{"rendered":"<p>Vantaggi per la tua Azienda Riduzione dei tempi di risposta e automazione delle attivit\u00e0 ripetitive.Accesso immediato alla conoscenza aziendale tramite conversazioni naturali.Scalabilit\u00e0 su pi\u00f9 canali senza aumentare i costi operativi.Miglioramento dell\u2019esperienza cliente e dell\u2019efficienza interna. Soluzioni di Automazione AI Personalizzabili per WhatsApp, Telegram, Instagram e Applicazioni Custom Le nostre soluzioni di automazione potenziate dall\u2019Intelligenza Artificiale [&hellip;]<\/p>\n","protected":false},"author":1,"featured_media":0,"parent":0,"menu_order":0,"comment_status":"closed","ping_status":"closed","template":"templates\/builder-fullwidth-std.php","meta":{"footnotes":""},"class_list":["post-13418","page","type-page","status-publish","hentry"],"_links":{"self":[{"href":"https:\/\/cloud.logicode.it\/index.php?rest_route=\/wp\/v2\/pages\/13418","targetHints":{"allow":["GET"]}}],"collection":[{"href":"https:\/\/cloud.logicode.it\/index.php?rest_route=\/wp\/v2\/pages"}],"about":[{"href":"https:\/\/cloud.logicode.it\/index.php?rest_route=\/wp\/v2\/types\/page"}],"author":[{"embeddable":true,"href":"https:\/\/cloud.logicode.it\/index.php?rest_route=\/wp\/v2\/users\/1"}],"replies":[{"embeddable":true,"href":"https:\/\/cloud.logicode.it\/index.php?rest_route=%2Fwp%2Fv2%2Fcomments&post=13418"}],"version-history":[{"count":526,"href":"https:\/\/cloud.logicode.it\/index.php?rest_route=\/wp\/v2\/pages\/13418\/revisions"}],"predecessor-version":[{"id":13974,"href":"https:\/\/cloud.logicode.it\/index.php?rest_route=\/wp\/v2\/pages\/13418\/revisions\/13974"}],"wp:attachment":[{"href":"https:\/\/cloud.logicode.it\/index.php?rest_route=%2Fwp%2Fv2%2Fmedia&parent=13418"}],"curies":[{"name":"wp","href":"https:\/\/api.w.org\/{rel}","templated":true}]}}